{"id":732,"date":"2020-11-03T20:09:28","date_gmt":"2020-11-03T20:09:28","guid":{"rendered":"https:\/\/logient.com\/?page_id=732"},"modified":"2025-06-16T20:37:47","modified_gmt":"2025-06-16T20:37:47","slug":"approche","status":"publish","type":"page","link":"https:\/\/logient.com\/fr\/approche\/","title":{"rendered":"Approche"},"content":{"rendered":"","protected":false},"excerpt":{"rendered":"","protected":false},"author":1,"featured_media":0,"parent":0,"menu_order":0,"comment_status":"closed","ping_status":"closed","template":"views\/template-approche.blade.php","meta":{"_acf_changed":false,"content-type":"","_relevanssi_hide_post":"","_relevanssi_hide_content":"","_relevanssi_pin_for_all":"","_relevanssi_pin_keywords":"","_relevanssi_unpin_keywords":"","_relevanssi_related_keywords":"","_relevanssi_related_include_ids":"","_relevanssi_related_exclude_ids":"","_relevanssi_related_no_append":"","_relevanssi_related_not_related":"","_relevanssi_related_posts":"1775,1879,1982,1829,2297,2124","_relevanssi_noindex_reason":"","inline_featured_image":false,"footnotes":""},"class_list":["post-732","page","type-page","status-publish","hentry"],"acf":[],"yoast_head":"<!-- This site is optimized with the Yoast SEO plugin v24.9 - https:\/\/yoast.com\/wordpress\/plugins\/seo\/ -->\n<title>Logient | Cr\u00e9ateurs d&#039;efficience technologique | Approche<\/title>\n<meta name=\"description\" content=\"Maximisez investissements et livraison de projets TI en toute flexibilit\u00e9, du d\u00e9veloppement aux op\u00e9rations gr\u00e2ce \u00e0 nos cadres m\u00e9thodologiques \u00e9prouv\u00e9s.\" \/>\n<meta name=\"robots\" content=\"index, follow, max-snippet:-1, max-image-preview:large, max-video-preview:-1\" \/>\n<link rel=\"canonical\" href=\"https:\/\/logient.com\/fr\/approche\/\" \/>\n<meta property=\"og:locale\" content=\"fr_FR\" \/>\n<meta property=\"og:type\" content=\"article\" \/>\n<meta property=\"og:title\" content=\"Logient | Cr\u00e9ateurs d&#039;efficience technologique | Approche\" \/>\n<meta property=\"og:description\" content=\"Maximisez investissements et livraison de projets TI en toute flexibilit\u00e9, du d\u00e9veloppement aux op\u00e9rations gr\u00e2ce \u00e0 nos cadres m\u00e9thodologiques \u00e9prouv\u00e9s.\" \/>\n<meta property=\"og:url\" content=\"https:\/\/logient.com\/fr\/approche\/\" \/>\n<meta property=\"og:site_name\" content=\"Logient\" \/>\n<meta property=\"article:modified_time\" content=\"2025-06-16T20:37:47+00:00\" \/>\n<meta property=\"og:image\" content=\"https:\/\/logient.com\/app\/uploads\/2023\/03\/logient-image-de-partage-1200x627-1.jpg\" \/>\n\t<meta property=\"og:image:width\" content=\"1202\" \/>\n\t<meta property=\"og:image:height\" content=\"629\" \/>\n\t<meta property=\"og:image:type\" content=\"image\/jpeg\" \/>\n<meta name=\"twitter:card\" content=\"summary_large_image\" \/>\n<meta name=\"twitter:label1\" content=\"Dur\u00e9e de lecture estim\u00e9e\" \/>\n\t<meta name=\"twitter:data1\" content=\"2 minutes\" \/>\n<script type=\"application\/ld+json\" class=\"yoast-schema-graph\">{\"@context\":\"https:\/\/schema.org\",\"@graph\":[{\"@type\":\"WebPage\",\"@id\":\"https:\/\/logient.com\/fr\/approche\/\",\"url\":\"https:\/\/logient.com\/fr\/approche\/\",\"name\":\"Logient | Cr\u00e9ateurs d'efficience technologique | Approche\",\"isPartOf\":{\"@id\":\"https:\/\/logient.com\/fr\/#website\"},\"datePublished\":\"2020-11-03T20:09:28+00:00\",\"dateModified\":\"2025-06-16T20:37:47+00:00\",\"description\":\"Maximisez investissements et livraison de projets TI en toute flexibilit\u00e9, du d\u00e9veloppement aux op\u00e9rations gr\u00e2ce \u00e0 nos cadres m\u00e9thodologiques \u00e9prouv\u00e9s.\",\"breadcrumb\":{\"@id\":\"https:\/\/logient.com\/fr\/approche\/#breadcrumb\"},\"inLanguage\":\"fr-FR\",\"potentialAction\":[{\"@type\":\"ReadAction\",\"target\":[\"https:\/\/logient.com\/fr\/approche\/\"]}]},{\"@type\":\"BreadcrumbList\",\"@id\":\"https:\/\/logient.com\/fr\/approche\/#breadcrumb\",\"itemListElement\":[{\"@type\":\"ListItem\",\"position\":1,\"name\":\"Home\",\"item\":\"https:\/\/logient.com\/fr\/\"},{\"@type\":\"ListItem\",\"position\":2,\"name\":\"Approche\"}]},{\"@type\":\"WebSite\",\"@id\":\"https:\/\/logient.com\/fr\/#website\",\"url\":\"https:\/\/logient.com\/fr\/\",\"name\":\"Logient\",\"description\":\"\",\"publisher\":{\"@id\":\"https:\/\/logient.com\/fr\/#organization\"},\"potentialAction\":[{\"@type\":\"SearchAction\",\"target\":{\"@type\":\"EntryPoint\",\"urlTemplate\":\"https:\/\/logient.com\/fr\/?s={search_term_string}\"},\"query-input\":{\"@type\":\"PropertyValueSpecification\",\"valueRequired\":true,\"valueName\":\"search_term_string\"}}],\"inLanguage\":\"fr-FR\"},{\"@type\":\"Organization\",\"@id\":\"https:\/\/logient.com\/fr\/#organization\",\"name\":\"Logient\",\"url\":\"https:\/\/logient.com\/fr\/\",\"logo\":{\"@type\":\"ImageObject\",\"inLanguage\":\"fr-FR\",\"@id\":\"https:\/\/logient.com\/fr\/#\/schema\/logo\/image\/\",\"url\":\"https:\/\/logient.com\/app\/uploads\/2023\/09\/group-53-1-scaled-1.jpg\",\"contentUrl\":\"https:\/\/logient.com\/app\/uploads\/2023\/09\/group-53-1-scaled-1.jpg\",\"width\":2560,\"height\":1797,\"caption\":\"Logient\"},\"image\":{\"@id\":\"https:\/\/logient.com\/fr\/#\/schema\/logo\/image\/\"}}]}<\/script>\n<!-- \/ Yoast SEO plugin. -->","yoast_head_json":{"title":"Logient | Cr\u00e9ateurs d'efficience technologique | Approche","description":"Maximisez investissements et livraison de projets TI en toute flexibilit\u00e9, du d\u00e9veloppement aux op\u00e9rations gr\u00e2ce \u00e0 nos cadres m\u00e9thodologiques \u00e9prouv\u00e9s.","robots":{"index":"index","follow":"follow","max-snippet":"max-snippet:-1","max-image-preview":"max-image-preview:large","max-video-preview":"max-video-preview:-1"},"canonical":"https:\/\/logient.com\/fr\/approche\/","og_locale":"fr_FR","og_type":"article","og_title":"Logient | Cr\u00e9ateurs d'efficience technologique | Approche","og_description":"Maximisez investissements et livraison de projets TI en toute flexibilit\u00e9, du d\u00e9veloppement aux op\u00e9rations gr\u00e2ce \u00e0 nos cadres m\u00e9thodologiques \u00e9prouv\u00e9s.","og_url":"https:\/\/logient.com\/fr\/approche\/","og_site_name":"Logient","article_modified_time":"2025-06-16T20:37:47+00:00","og_image":[{"width":1202,"height":629,"url":"https:\/\/logient.com\/app\/uploads\/2023\/03\/logient-image-de-partage-1200x627-1.jpg","type":"image\/jpeg"}],"twitter_card":"summary_large_image","twitter_misc":{"Dur\u00e9e de lecture estim\u00e9e":"2 minutes"},"schema":{"@context":"https:\/\/schema.org","@graph":[{"@type":"WebPage","@id":"https:\/\/logient.com\/fr\/approche\/","url":"https:\/\/logient.com\/fr\/approche\/","name":"Logient | Cr\u00e9ateurs d'efficience technologique | Approche","isPartOf":{"@id":"https:\/\/logient.com\/fr\/#website"},"datePublished":"2020-11-03T20:09:28+00:00","dateModified":"2025-06-16T20:37:47+00:00","description":"Maximisez investissements et livraison de projets TI en toute flexibilit\u00e9, du d\u00e9veloppement aux op\u00e9rations gr\u00e2ce \u00e0 nos cadres m\u00e9thodologiques \u00e9prouv\u00e9s.","breadcrumb":{"@id":"https:\/\/logient.com\/fr\/approche\/#breadcrumb"},"inLanguage":"fr-FR","potentialAction":[{"@type":"ReadAction","target":["https:\/\/logient.com\/fr\/approche\/"]}]},{"@type":"BreadcrumbList","@id":"https:\/\/logient.com\/fr\/approche\/#breadcrumb","itemListElement":[{"@type":"ListItem","position":1,"name":"Home","item":"https:\/\/logient.com\/fr\/"},{"@type":"ListItem","position":2,"name":"Approche"}]},{"@type":"WebSite","@id":"https:\/\/logient.com\/fr\/#website","url":"https:\/\/logient.com\/fr\/","name":"Logient","description":"","publisher":{"@id":"https:\/\/logient.com\/fr\/#organization"},"potentialAction":[{"@type":"SearchAction","target":{"@type":"EntryPoint","urlTemplate":"https:\/\/logient.com\/fr\/?s={search_term_string}"},"query-input":{"@type":"PropertyValueSpecification","valueRequired":true,"valueName":"search_term_string"}}],"inLanguage":"fr-FR"},{"@type":"Organization","@id":"https:\/\/logient.com\/fr\/#organization","name":"Logient","url":"https:\/\/logient.com\/fr\/","logo":{"@type":"ImageObject","inLanguage":"fr-FR","@id":"https:\/\/logient.com\/fr\/#\/schema\/logo\/image\/","url":"https:\/\/logient.com\/app\/uploads\/2023\/09\/group-53-1-scaled-1.jpg","contentUrl":"https:\/\/logient.com\/app\/uploads\/2023\/09\/group-53-1-scaled-1.jpg","width":2560,"height":1797,"caption":"Logient"},"image":{"@id":"https:\/\/logient.com\/fr\/#\/schema\/logo\/image\/"}}]}},"jetpack_sharing_enabled":true,"_links":{"self":[{"href":"https:\/\/logient.com\/fr\/wp-json\/wp\/v2\/pages\/732","targetHints":{"allow":["GET"]}}],"collection":[{"href":"https:\/\/logient.com\/fr\/wp-json\/wp\/v2\/pages"}],"about":[{"href":"https:\/\/logient.com\/fr\/wp-json\/wp\/v2\/types\/page"}],"author":[{"embeddable":true,"href":"https:\/\/logient.com\/fr\/wp-json\/wp\/v2\/users\/1"}],"replies":[{"embeddable":true,"href":"https:\/\/logient.com\/fr\/wp-json\/wp\/v2\/comments?post=732"}],"version-history":[{"count":1,"href":"https:\/\/logient.com\/fr\/wp-json\/wp\/v2\/pages\/732\/revisions"}],"predecessor-version":[{"id":12821,"href":"https:\/\/logient.com\/fr\/wp-json\/wp\/v2\/pages\/732\/revisions\/12821"}],"wp:attachment":[{"href":"https:\/\/logient.com\/fr\/wp-json\/wp\/v2\/media?parent=732"}],"curies":[{"name":"wp","href":"https:\/\/api.w.org\/{rel}","templated":true}]}}