{"id":728,"date":"2020-11-03T20:04:46","date_gmt":"2020-11-03T20:04:46","guid":{"rendered":"https:\/\/logient.com\/?page_id=728"},"modified":"2025-09-30T18:42:25","modified_gmt":"2025-09-30T18:42:25","slug":"contact","status":"publish","type":"page","link":"https:\/\/logient.com\/fr\/contact\/","title":{"rendered":"Contact"},"content":{"rendered":"","protected":false},"excerpt":{"rendered":"","protected":false},"author":1,"featured_media":10877,"parent":0,"menu_order":0,"comment_status":"closed","ping_status":"closed","template":"views\/template-contact.blade.php","meta":{"_acf_changed":false,"content-type":"","_relevanssi_hide_post":"","_relevanssi_hide_content":"","_relevanssi_pin_for_all":"","_relevanssi_pin_keywords":"","_relevanssi_unpin_keywords":"","_relevanssi_related_keywords":"","_relevanssi_related_include_ids":"","_relevanssi_related_exclude_ids":"","_relevanssi_related_no_append":"","_relevanssi_related_not_related":"","_relevanssi_related_posts":"2297,1899,2109,1982,1749,1842","_relevanssi_noindex_reason":"","inline_featured_image":false,"footnotes":""},"class_list":["post-728","page","type-page","status-publish","has-post-thumbnail","hentry"],"acf":[],"yoast_head":"<!-- This site is optimized with the Yoast SEO plugin v24.9 - https:\/\/yoast.com\/wordpress\/plugins\/seo\/ -->\n<title>Logient | Cr\u00e9ateur d&#039;efficacit\u00e9 technologique | Contact<\/title>\n<meta name=\"description\" content=\"Mettez-nous au d\u00e9fi de simplifier vos processus d\u2019affaires TI et challenges logiciels! Contactez-nous par courriel, t\u00e9l\u00e9phone ou sur nos r\u00e9seaux sociaux.\" \/>\n<meta name=\"robots\" content=\"index, follow, max-snippet:-1, max-image-preview:large, max-video-preview:-1\" \/>\n<link rel=\"canonical\" href=\"https:\/\/logient.com\/fr\/contact\/\" \/>\n<meta property=\"og:locale\" content=\"fr_FR\" \/>\n<meta property=\"og:type\" content=\"article\" \/>\n<meta property=\"og:title\" content=\"Logient | Cr\u00e9ateur d&#039;efficacit\u00e9 technologique | Contact\" \/>\n<meta property=\"og:description\" content=\"Mettez-nous au d\u00e9fi de simplifier vos processus d\u2019affaires TI et challenges logiciels! Contactez-nous par courriel, t\u00e9l\u00e9phone ou sur nos r\u00e9seaux sociaux.\" \/>\n<meta property=\"og:url\" content=\"https:\/\/logient.com\/fr\/contact\/\" \/>\n<meta property=\"og:site_name\" content=\"Logient\" \/>\n<meta property=\"article:modified_time\" content=\"2025-09-30T18:42:25+00:00\" \/>\n<meta property=\"og:image\" content=\"https:\/\/logient.com\/app\/uploads\/2023\/09\/group-53-1-scaled-1.jpg\" \/>\n\t<meta property=\"og:image:width\" content=\"2560\" \/>\n\t<meta property=\"og:image:height\" content=\"1797\" \/>\n\t<meta property=\"og:image:type\" content=\"image\/jpeg\" \/>\n<meta name=\"twitter:card\" content=\"summary_large_image\" \/>\n<meta name=\"twitter:label1\" content=\"Dur\u00e9e de lecture estim\u00e9e\" \/>\n\t<meta name=\"twitter:data1\" content=\"1 minute\" \/>\n<script type=\"application\/ld+json\" class=\"yoast-schema-graph\">{\"@context\":\"https:\/\/schema.org\",\"@graph\":[{\"@type\":\"WebPage\",\"@id\":\"https:\/\/logient.com\/fr\/contact\/\",\"url\":\"https:\/\/logient.com\/fr\/contact\/\",\"name\":\"Logient | Cr\u00e9ateur d'efficacit\u00e9 technologique | Contact\",\"isPartOf\":{\"@id\":\"https:\/\/logient.com\/fr\/#website\"},\"primaryImageOfPage\":{\"@id\":\"https:\/\/logient.com\/fr\/contact\/#primaryimage\"},\"image\":{\"@id\":\"https:\/\/logient.com\/fr\/contact\/#primaryimage\"},\"thumbnailUrl\":\"https:\/\/logient.com\/app\/uploads\/2023\/09\/group-53-1-scaled-1.jpg\",\"datePublished\":\"2020-11-03T20:04:46+00:00\",\"dateModified\":\"2025-09-30T18:42:25+00:00\",\"description\":\"Mettez-nous au d\u00e9fi de simplifier vos processus d\u2019affaires TI et challenges logiciels! Contactez-nous par courriel, t\u00e9l\u00e9phone ou sur nos r\u00e9seaux sociaux.\",\"breadcrumb\":{\"@id\":\"https:\/\/logient.com\/fr\/contact\/#breadcrumb\"},\"inLanguage\":\"fr-FR\",\"potentialAction\":[{\"@type\":\"ReadAction\",\"target\":[\"https:\/\/logient.com\/fr\/contact\/\"]}]},{\"@type\":\"ImageObject\",\"inLanguage\":\"fr-FR\",\"@id\":\"https:\/\/logient.com\/fr\/contact\/#primaryimage\",\"url\":\"https:\/\/logient.com\/app\/uploads\/2023\/09\/group-53-1-scaled-1.jpg\",\"contentUrl\":\"https:\/\/logient.com\/app\/uploads\/2023\/09\/group-53-1-scaled-1.jpg\",\"width\":2560,\"height\":1797},{\"@type\":\"BreadcrumbList\",\"@id\":\"https:\/\/logient.com\/fr\/contact\/#breadcrumb\",\"itemListElement\":[{\"@type\":\"ListItem\",\"position\":1,\"name\":\"Home\",\"item\":\"https:\/\/logient.com\/fr\/\"},{\"@type\":\"ListItem\",\"position\":2,\"name\":\"Contact\"}]},{\"@type\":\"WebSite\",\"@id\":\"https:\/\/logient.com\/fr\/#website\",\"url\":\"https:\/\/logient.com\/fr\/\",\"name\":\"Logient\",\"description\":\"\",\"publisher\":{\"@id\":\"https:\/\/logient.com\/fr\/#organization\"},\"potentialAction\":[{\"@type\":\"SearchAction\",\"target\":{\"@type\":\"EntryPoint\",\"urlTemplate\":\"https:\/\/logient.com\/fr\/?s={search_term_string}\"},\"query-input\":{\"@type\":\"PropertyValueSpecification\",\"valueRequired\":true,\"valueName\":\"search_term_string\"}}],\"inLanguage\":\"fr-FR\"},{\"@type\":\"Organization\",\"@id\":\"https:\/\/logient.com\/fr\/#organization\",\"name\":\"Logient\",\"url\":\"https:\/\/logient.com\/fr\/\",\"logo\":{\"@type\":\"ImageObject\",\"inLanguage\":\"fr-FR\",\"@id\":\"https:\/\/logient.com\/fr\/#\/schema\/logo\/image\/\",\"url\":\"https:\/\/logient.com\/app\/uploads\/2023\/09\/group-53-1-scaled-1.jpg\",\"contentUrl\":\"https:\/\/logient.com\/app\/uploads\/2023\/09\/group-53-1-scaled-1.jpg\",\"width\":2560,\"height\":1797,\"caption\":\"Logient\"},\"image\":{\"@id\":\"https:\/\/logient.com\/fr\/#\/schema\/logo\/image\/\"}}]}<\/script>\n<!-- \/ Yoast SEO plugin. -->","yoast_head_json":{"title":"Logient | Cr\u00e9ateur d'efficacit\u00e9 technologique | Contact","description":"Mettez-nous au d\u00e9fi de simplifier vos processus d\u2019affaires TI et challenges logiciels! Contactez-nous par courriel, t\u00e9l\u00e9phone ou sur nos r\u00e9seaux sociaux.","robots":{"index":"index","follow":"follow","max-snippet":"max-snippet:-1","max-image-preview":"max-image-preview:large","max-video-preview":"max-video-preview:-1"},"canonical":"https:\/\/logient.com\/fr\/contact\/","og_locale":"fr_FR","og_type":"article","og_title":"Logient | Cr\u00e9ateur d'efficacit\u00e9 technologique | Contact","og_description":"Mettez-nous au d\u00e9fi de simplifier vos processus d\u2019affaires TI et challenges logiciels! Contactez-nous par courriel, t\u00e9l\u00e9phone ou sur nos r\u00e9seaux sociaux.","og_url":"https:\/\/logient.com\/fr\/contact\/","og_site_name":"Logient","article_modified_time":"2025-09-30T18:42:25+00:00","og_image":[{"width":2560,"height":1797,"url":"https:\/\/logient.com\/app\/uploads\/2023\/09\/group-53-1-scaled-1.jpg","type":"image\/jpeg"}],"twitter_card":"summary_large_image","twitter_misc":{"Dur\u00e9e de lecture estim\u00e9e":"1 minute"},"schema":{"@context":"https:\/\/schema.org","@graph":[{"@type":"WebPage","@id":"https:\/\/logient.com\/fr\/contact\/","url":"https:\/\/logient.com\/fr\/contact\/","name":"Logient | Cr\u00e9ateur d'efficacit\u00e9 technologique | Contact","isPartOf":{"@id":"https:\/\/logient.com\/fr\/#website"},"primaryImageOfPage":{"@id":"https:\/\/logient.com\/fr\/contact\/#primaryimage"},"image":{"@id":"https:\/\/logient.com\/fr\/contact\/#primaryimage"},"thumbnailUrl":"https:\/\/logient.com\/app\/uploads\/2023\/09\/group-53-1-scaled-1.jpg","datePublished":"2020-11-03T20:04:46+00:00","dateModified":"2025-09-30T18:42:25+00:00","description":"Mettez-nous au d\u00e9fi de simplifier vos processus d\u2019affaires TI et challenges logiciels! Contactez-nous par courriel, t\u00e9l\u00e9phone ou sur nos r\u00e9seaux sociaux.","breadcrumb":{"@id":"https:\/\/logient.com\/fr\/contact\/#breadcrumb"},"inLanguage":"fr-FR","potentialAction":[{"@type":"ReadAction","target":["https:\/\/logient.com\/fr\/contact\/"]}]},{"@type":"ImageObject","inLanguage":"fr-FR","@id":"https:\/\/logient.com\/fr\/contact\/#primaryimage","url":"https:\/\/logient.com\/app\/uploads\/2023\/09\/group-53-1-scaled-1.jpg","contentUrl":"https:\/\/logient.com\/app\/uploads\/2023\/09\/group-53-1-scaled-1.jpg","width":2560,"height":1797},{"@type":"BreadcrumbList","@id":"https:\/\/logient.com\/fr\/contact\/#breadcrumb","itemListElement":[{"@type":"ListItem","position":1,"name":"Home","item":"https:\/\/logient.com\/fr\/"},{"@type":"ListItem","position":2,"name":"Contact"}]},{"@type":"WebSite","@id":"https:\/\/logient.com\/fr\/#website","url":"https:\/\/logient.com\/fr\/","name":"Logient","description":"","publisher":{"@id":"https:\/\/logient.com\/fr\/#organization"},"potentialAction":[{"@type":"SearchAction","target":{"@type":"EntryPoint","urlTemplate":"https:\/\/logient.com\/fr\/?s={search_term_string}"},"query-input":{"@type":"PropertyValueSpecification","valueRequired":true,"valueName":"search_term_string"}}],"inLanguage":"fr-FR"},{"@type":"Organization","@id":"https:\/\/logient.com\/fr\/#organization","name":"Logient","url":"https:\/\/logient.com\/fr\/","logo":{"@type":"ImageObject","inLanguage":"fr-FR","@id":"https:\/\/logient.com\/fr\/#\/schema\/logo\/image\/","url":"https:\/\/logient.com\/app\/uploads\/2023\/09\/group-53-1-scaled-1.jpg","contentUrl":"https:\/\/logient.com\/app\/uploads\/2023\/09\/group-53-1-scaled-1.jpg","width":2560,"height":1797,"caption":"Logient"},"image":{"@id":"https:\/\/logient.com\/fr\/#\/schema\/logo\/image\/"}}]}},"jetpack_sharing_enabled":true,"_links":{"self":[{"href":"https:\/\/logient.com\/fr\/wp-json\/wp\/v2\/pages\/728","targetHints":{"allow":["GET"]}}],"collection":[{"href":"https:\/\/logient.com\/fr\/wp-json\/wp\/v2\/pages"}],"about":[{"href":"https:\/\/logient.com\/fr\/wp-json\/wp\/v2\/types\/page"}],"author":[{"embeddable":true,"href":"https:\/\/logient.com\/fr\/wp-json\/wp\/v2\/users\/1"}],"replies":[{"embeddable":true,"href":"https:\/\/logient.com\/fr\/wp-json\/wp\/v2\/comments?post=728"}],"version-history":[{"count":9,"href":"https:\/\/logient.com\/fr\/wp-json\/wp\/v2\/pages\/728\/revisions"}],"predecessor-version":[{"id":14355,"href":"https:\/\/logient.com\/fr\/wp-json\/wp\/v2\/pages\/728\/revisions\/14355"}],"wp:featuredmedia":[{"embeddable":true,"href":"https:\/\/logient.com\/fr\/wp-json\/wp\/v2\/media\/10877"}],"wp:attachment":[{"href":"https:\/\/logient.com\/fr\/wp-json\/wp\/v2\/media?parent=728"}],"curies":[{"name":"wp","href":"https:\/\/api.w.org\/{rel}","templated":true}]}}