{"id":2374,"date":"2020-11-20T15:59:23","date_gmt":"2020-11-20T15:59:23","guid":{"rendered":"https:\/\/logient.com\/?page_id=2374"},"modified":"2025-06-17T19:17:36","modified_gmt":"2025-06-17T19:17:36","slug":"carriere","status":"publish","type":"page","link":"https:\/\/logient.com\/fr\/carriere\/","title":{"rendered":"Carri\u00e8re"},"content":{"rendered":"","protected":false},"excerpt":{"rendered":"","protected":false},"author":1,"featured_media":5461,"parent":0,"menu_order":0,"comment_status":"closed","ping_status":"closed","template":"views\/template-career.blade.php","meta":{"_acf_changed":false,"content-type":"","_relevanssi_hide_post":"","_relevanssi_hide_content":"","_relevanssi_pin_for_all":"","_relevanssi_pin_keywords":"","_relevanssi_unpin_keywords":"","_relevanssi_related_keywords":"","_relevanssi_related_include_ids":"","_relevanssi_related_exclude_ids":"","_relevanssi_related_no_append":"","_relevanssi_related_not_related":"","_relevanssi_related_posts":"2033,2159,1889,1809,2297,1784","_relevanssi_noindex_reason":"","inline_featured_image":false,"footnotes":""},"class_list":["post-2374","page","type-page","status-publish","has-post-thumbnail","hentry"],"acf":[],"yoast_head":"<!-- This site is optimized with the Yoast SEO plugin v24.9 - https:\/\/yoast.com\/wordpress\/plugins\/seo\/ -->\n<title>Carri\u00e8re - Logient<\/title>\n<meta name=\"description\" content=\"L\u2019exp\u00e9rience employ\u00e9 chez Logient, o\u00f9 l\u2019unicit\u00e9 fait partie de notre ADN, pour un parcours de carri\u00e8re unique, sur mesure et en constante \u00e9volution.\" \/>\n<meta name=\"robots\" content=\"index, follow, max-snippet:-1, max-image-preview:large, max-video-preview:-1\" \/>\n<link rel=\"canonical\" href=\"https:\/\/logient.com\/fr\/carriere\/\" \/>\n<meta property=\"og:locale\" content=\"fr_FR\" \/>\n<meta property=\"og:type\" content=\"article\" \/>\n<meta property=\"og:title\" content=\"Carri\u00e8re - Logient\" \/>\n<meta property=\"og:description\" content=\"L\u2019exp\u00e9rience employ\u00e9 chez Logient, o\u00f9 l\u2019unicit\u00e9 fait partie de notre ADN, pour un parcours de carri\u00e8re unique, sur mesure et en constante \u00e9volution.\" \/>\n<meta property=\"og:url\" content=\"https:\/\/logient.com\/fr\/carriere\/\" \/>\n<meta property=\"og:site_name\" content=\"Logient\" \/>\n<meta property=\"article:modified_time\" content=\"2025-06-17T19:17:36+00:00\" \/>\n<meta property=\"og:image\" content=\"https:\/\/logient.com\/app\/uploads\/2021\/01\/capture-decran-le-2021-01-29-a-160102.png\" \/>\n\t<meta property=\"og:image:width\" content=\"1296\" \/>\n\t<meta property=\"og:image:height\" content=\"858\" \/>\n\t<meta property=\"og:image:type\" content=\"image\/png\" \/>\n<meta name=\"twitter:card\" content=\"summary_large_image\" \/>\n<meta name=\"twitter:label1\" content=\"Dur\u00e9e de lecture estim\u00e9e\" \/>\n\t<meta name=\"twitter:data1\" content=\"3 minutes\" \/>\n<script type=\"application\/ld+json\" class=\"yoast-schema-graph\">{\"@context\":\"https:\/\/schema.org\",\"@graph\":[{\"@type\":\"WebPage\",\"@id\":\"https:\/\/logient.com\/fr\/carriere\/\",\"url\":\"https:\/\/logient.com\/fr\/carriere\/\",\"name\":\"Carri\u00e8re - Logient\",\"isPartOf\":{\"@id\":\"https:\/\/logient.com\/fr\/#website\"},\"primaryImageOfPage\":{\"@id\":\"https:\/\/logient.com\/fr\/carriere\/#primaryimage\"},\"image\":{\"@id\":\"https:\/\/logient.com\/fr\/carriere\/#primaryimage\"},\"thumbnailUrl\":\"https:\/\/logient.com\/app\/uploads\/2021\/01\/capture-decran-le-2021-01-29-a-160102.png\",\"datePublished\":\"2020-11-20T15:59:23+00:00\",\"dateModified\":\"2025-06-17T19:17:36+00:00\",\"description\":\"L\u2019exp\u00e9rience employ\u00e9 chez Logient, o\u00f9 l\u2019unicit\u00e9 fait partie de notre ADN, pour un parcours de carri\u00e8re unique, sur mesure et en constante \u00e9volution.\",\"breadcrumb\":{\"@id\":\"https:\/\/logient.com\/fr\/carriere\/#breadcrumb\"},\"inLanguage\":\"fr-FR\",\"potentialAction\":[{\"@type\":\"ReadAction\",\"target\":[\"https:\/\/logient.com\/fr\/carriere\/\"]}]},{\"@type\":\"ImageObject\",\"inLanguage\":\"fr-FR\",\"@id\":\"https:\/\/logient.com\/fr\/carriere\/#primaryimage\",\"url\":\"https:\/\/logient.com\/app\/uploads\/2021\/01\/capture-decran-le-2021-01-29-a-160102.png\",\"contentUrl\":\"https:\/\/logient.com\/app\/uploads\/2021\/01\/capture-decran-le-2021-01-29-a-160102.png\",\"width\":1296,\"height\":858},{\"@type\":\"BreadcrumbList\",\"@id\":\"https:\/\/logient.com\/fr\/carriere\/#breadcrumb\",\"itemListElement\":[{\"@type\":\"ListItem\",\"position\":1,\"name\":\"Home\",\"item\":\"https:\/\/logient.com\/fr\/\"},{\"@type\":\"ListItem\",\"position\":2,\"name\":\"Carri\u00e8re\"}]},{\"@type\":\"WebSite\",\"@id\":\"https:\/\/logient.com\/fr\/#website\",\"url\":\"https:\/\/logient.com\/fr\/\",\"name\":\"Logient\",\"description\":\"\",\"publisher\":{\"@id\":\"https:\/\/logient.com\/fr\/#organization\"},\"potentialAction\":[{\"@type\":\"SearchAction\",\"target\":{\"@type\":\"EntryPoint\",\"urlTemplate\":\"https:\/\/logient.com\/fr\/?s={search_term_string}\"},\"query-input\":{\"@type\":\"PropertyValueSpecification\",\"valueRequired\":true,\"valueName\":\"search_term_string\"}}],\"inLanguage\":\"fr-FR\"},{\"@type\":\"Organization\",\"@id\":\"https:\/\/logient.com\/fr\/#organization\",\"name\":\"Logient\",\"url\":\"https:\/\/logient.com\/fr\/\",\"logo\":{\"@type\":\"ImageObject\",\"inLanguage\":\"fr-FR\",\"@id\":\"https:\/\/logient.com\/fr\/#\/schema\/logo\/image\/\",\"url\":\"https:\/\/logient.com\/app\/uploads\/2023\/09\/group-53-1-scaled-1.jpg\",\"contentUrl\":\"https:\/\/logient.com\/app\/uploads\/2023\/09\/group-53-1-scaled-1.jpg\",\"width\":2560,\"height\":1797,\"caption\":\"Logient\"},\"image\":{\"@id\":\"https:\/\/logient.com\/fr\/#\/schema\/logo\/image\/\"}}]}<\/script>\n<!-- \/ Yoast SEO plugin. -->","yoast_head_json":{"title":"Carri\u00e8re - Logient","description":"L\u2019exp\u00e9rience employ\u00e9 chez Logient, o\u00f9 l\u2019unicit\u00e9 fait partie de notre ADN, pour un parcours de carri\u00e8re unique, sur mesure et en constante \u00e9volution.","robots":{"index":"index","follow":"follow","max-snippet":"max-snippet:-1","max-image-preview":"max-image-preview:large","max-video-preview":"max-video-preview:-1"},"canonical":"https:\/\/logient.com\/fr\/carriere\/","og_locale":"fr_FR","og_type":"article","og_title":"Carri\u00e8re - Logient","og_description":"L\u2019exp\u00e9rience employ\u00e9 chez Logient, o\u00f9 l\u2019unicit\u00e9 fait partie de notre ADN, pour un parcours de carri\u00e8re unique, sur mesure et en constante \u00e9volution.","og_url":"https:\/\/logient.com\/fr\/carriere\/","og_site_name":"Logient","article_modified_time":"2025-06-17T19:17:36+00:00","og_image":[{"width":1296,"height":858,"url":"https:\/\/logient.com\/app\/uploads\/2021\/01\/capture-decran-le-2021-01-29-a-160102.png","type":"image\/png"}],"twitter_card":"summary_large_image","twitter_misc":{"Dur\u00e9e de lecture estim\u00e9e":"3 minutes"},"schema":{"@context":"https:\/\/schema.org","@graph":[{"@type":"WebPage","@id":"https:\/\/logient.com\/fr\/carriere\/","url":"https:\/\/logient.com\/fr\/carriere\/","name":"Carri\u00e8re - Logient","isPartOf":{"@id":"https:\/\/logient.com\/fr\/#website"},"primaryImageOfPage":{"@id":"https:\/\/logient.com\/fr\/carriere\/#primaryimage"},"image":{"@id":"https:\/\/logient.com\/fr\/carriere\/#primaryimage"},"thumbnailUrl":"https:\/\/logient.com\/app\/uploads\/2021\/01\/capture-decran-le-2021-01-29-a-160102.png","datePublished":"2020-11-20T15:59:23+00:00","dateModified":"2025-06-17T19:17:36+00:00","description":"L\u2019exp\u00e9rience employ\u00e9 chez Logient, o\u00f9 l\u2019unicit\u00e9 fait partie de notre ADN, pour un parcours de carri\u00e8re unique, sur mesure et en constante \u00e9volution.","breadcrumb":{"@id":"https:\/\/logient.com\/fr\/carriere\/#breadcrumb"},"inLanguage":"fr-FR","potentialAction":[{"@type":"ReadAction","target":["https:\/\/logient.com\/fr\/carriere\/"]}]},{"@type":"ImageObject","inLanguage":"fr-FR","@id":"https:\/\/logient.com\/fr\/carriere\/#primaryimage","url":"https:\/\/logient.com\/app\/uploads\/2021\/01\/capture-decran-le-2021-01-29-a-160102.png","contentUrl":"https:\/\/logient.com\/app\/uploads\/2021\/01\/capture-decran-le-2021-01-29-a-160102.png","width":1296,"height":858},{"@type":"BreadcrumbList","@id":"https:\/\/logient.com\/fr\/carriere\/#breadcrumb","itemListElement":[{"@type":"ListItem","position":1,"name":"Home","item":"https:\/\/logient.com\/fr\/"},{"@type":"ListItem","position":2,"name":"Carri\u00e8re"}]},{"@type":"WebSite","@id":"https:\/\/logient.com\/fr\/#website","url":"https:\/\/logient.com\/fr\/","name":"Logient","description":"","publisher":{"@id":"https:\/\/logient.com\/fr\/#organization"},"potentialAction":[{"@type":"SearchAction","target":{"@type":"EntryPoint","urlTemplate":"https:\/\/logient.com\/fr\/?s={search_term_string}"},"query-input":{"@type":"PropertyValueSpecification","valueRequired":true,"valueName":"search_term_string"}}],"inLanguage":"fr-FR"},{"@type":"Organization","@id":"https:\/\/logient.com\/fr\/#organization","name":"Logient","url":"https:\/\/logient.com\/fr\/","logo":{"@type":"ImageObject","inLanguage":"fr-FR","@id":"https:\/\/logient.com\/fr\/#\/schema\/logo\/image\/","url":"https:\/\/logient.com\/app\/uploads\/2023\/09\/group-53-1-scaled-1.jpg","contentUrl":"https:\/\/logient.com\/app\/uploads\/2023\/09\/group-53-1-scaled-1.jpg","width":2560,"height":1797,"caption":"Logient"},"image":{"@id":"https:\/\/logient.com\/fr\/#\/schema\/logo\/image\/"}}]}},"jetpack_sharing_enabled":true,"_links":{"self":[{"href":"https:\/\/logient.com\/fr\/wp-json\/wp\/v2\/pages\/2374","targetHints":{"allow":["GET"]}}],"collection":[{"href":"https:\/\/logient.com\/fr\/wp-json\/wp\/v2\/pages"}],"about":[{"href":"https:\/\/logient.com\/fr\/wp-json\/wp\/v2\/types\/page"}],"author":[{"embeddable":true,"href":"https:\/\/logient.com\/fr\/wp-json\/wp\/v2\/users\/1"}],"replies":[{"embeddable":true,"href":"https:\/\/logient.com\/fr\/wp-json\/wp\/v2\/comments?post=2374"}],"version-history":[{"count":13,"href":"https:\/\/logient.com\/fr\/wp-json\/wp\/v2\/pages\/2374\/revisions"}],"predecessor-version":[{"id":14203,"href":"https:\/\/logient.com\/fr\/wp-json\/wp\/v2\/pages\/2374\/revisions\/14203"}],"wp:featuredmedia":[{"embeddable":true,"href":"https:\/\/logient.com\/fr\/wp-json\/wp\/v2\/media\/5461"}],"wp:attachment":[{"href":"https:\/\/logient.com\/fr\/wp-json\/wp\/v2\/media?parent=2374"}],"curies":[{"name":"wp","href":"https:\/\/api.w.org\/{rel}","templated":true}]}}