{"id":13373,"date":"2025-04-01T15:07:22","date_gmt":"2025-04-01T15:07:22","guid":{"rendered":"https:\/\/logient.com\/?page_id=13373"},"modified":"2025-04-15T17:31:27","modified_gmt":"2025-04-15T17:31:27","slug":"transformez-votre-erp-en-levier-de-croissance","status":"publish","type":"page","link":"https:\/\/logient.com\/fr\/transformez-votre-erp-en-levier-de-croissance\/","title":{"rendered":"Transformez votre ERP en levier de croissance."},"content":{"rendered":"","protected":false},"excerpt":{"rendered":"","protected":false},"author":30,"featured_media":13576,"parent":0,"menu_order":0,"comment_status":"closed","ping_status":"closed","template":"views\/template-landing.blade.php","meta":{"_acf_changed":false,"content-type":"","_relevanssi_hide_post":"","_relevanssi_hide_content":"","_relevanssi_pin_for_all":"","_relevanssi_pin_keywords":"","_relevanssi_unpin_keywords":"","_relevanssi_related_keywords":"","_relevanssi_related_include_ids":"","_relevanssi_related_exclude_ids":"","_relevanssi_related_no_append":"","_relevanssi_related_not_related":"","_relevanssi_related_posts":"1749,6661,1809,3989,11355,10967","_relevanssi_noindex_reason":"","inline_featured_image":false,"footnotes":""},"class_list":["post-13373","page","type-page","status-publish","has-post-thumbnail","hentry"],"acf":[],"yoast_head":"<!-- This site is optimized with the Yoast SEO plugin v24.9 - https:\/\/yoast.com\/wordpress\/plugins\/seo\/ -->\n<title>Transformez votre ERP en levier de croissance | Logient<\/title>\n<meta name=\"description\" content=\"Simplifiez vos processus, boostez votre productivit\u00e9 et acc\u00e9l\u00e9rez votre transformation digitale avec notre expertise ERP (SAP, Dynamics 365).\" \/>\n<meta name=\"robots\" content=\"index, follow, max-snippet:-1, max-image-preview:large, max-video-preview:-1\" \/>\n<link rel=\"canonical\" href=\"https:\/\/logient.com\/fr\/transformez-votre-erp-en-levier-de-croissance\/\" \/>\n<meta property=\"og:locale\" content=\"fr_FR\" \/>\n<meta property=\"og:type\" content=\"article\" \/>\n<meta property=\"og:title\" content=\"Transformez votre ERP en levier de croissance | Logient\" \/>\n<meta property=\"og:description\" content=\"Simplifiez vos processus, boostez votre productivit\u00e9 et acc\u00e9l\u00e9rez votre transformation digitale avec notre expertise ERP (SAP, Dynamics 365).\" \/>\n<meta property=\"og:url\" content=\"https:\/\/logient.com\/fr\/transformez-votre-erp-en-levier-de-croissance\/\" \/>\n<meta property=\"og:site_name\" content=\"Logient\" \/>\n<meta property=\"article:modified_time\" content=\"2025-04-15T17:31:27+00:00\" \/>\n<meta property=\"og:image\" content=\"https:\/\/logient.com\/app\/uploads\/2025\/03\/formulaire-landing-page-e1743002058219.png\" \/>\n\t<meta property=\"og:image:width\" content=\"1177\" \/>\n\t<meta property=\"og:image:height\" content=\"1307\" \/>\n\t<meta property=\"og:image:type\" content=\"image\/png\" \/>\n<meta name=\"twitter:card\" content=\"summary_large_image\" \/>\n<meta name=\"twitter:label1\" content=\"Dur\u00e9e de lecture estim\u00e9e\" \/>\n\t<meta name=\"twitter:data1\" content=\"5 minutes\" \/>\n<script type=\"application\/ld+json\" class=\"yoast-schema-graph\">{\"@context\":\"https:\/\/schema.org\",\"@graph\":[{\"@type\":\"WebPage\",\"@id\":\"https:\/\/logient.com\/fr\/transformez-votre-erp-en-levier-de-croissance\/\",\"url\":\"https:\/\/logient.com\/fr\/transformez-votre-erp-en-levier-de-croissance\/\",\"name\":\"Transformez votre ERP en levier de croissance | Logient\",\"isPartOf\":{\"@id\":\"https:\/\/logient.com\/fr\/#website\"},\"primaryImageOfPage\":{\"@id\":\"https:\/\/logient.com\/fr\/transformez-votre-erp-en-levier-de-croissance\/#primaryimage\"},\"image\":{\"@id\":\"https:\/\/logient.com\/fr\/transformez-votre-erp-en-levier-de-croissance\/#primaryimage\"},\"thumbnailUrl\":\"https:\/\/logient.com\/app\/uploads\/2025\/03\/formulaire-landing-page-e1743002058219.png\",\"datePublished\":\"2025-04-01T15:07:22+00:00\",\"dateModified\":\"2025-04-15T17:31:27+00:00\",\"description\":\"Simplifiez vos processus, boostez votre productivit\u00e9 et acc\u00e9l\u00e9rez votre transformation digitale avec notre expertise ERP (SAP, Dynamics 365).\",\"breadcrumb\":{\"@id\":\"https:\/\/logient.com\/fr\/transformez-votre-erp-en-levier-de-croissance\/#breadcrumb\"},\"inLanguage\":\"fr-FR\",\"potentialAction\":[{\"@type\":\"ReadAction\",\"target\":[\"https:\/\/logient.com\/fr\/transformez-votre-erp-en-levier-de-croissance\/\"]}]},{\"@type\":\"ImageObject\",\"inLanguage\":\"fr-FR\",\"@id\":\"https:\/\/logient.com\/fr\/transformez-votre-erp-en-levier-de-croissance\/#primaryimage\",\"url\":\"https:\/\/logient.com\/app\/uploads\/2025\/03\/formulaire-landing-page-e1743002058219.png\",\"contentUrl\":\"https:\/\/logient.com\/app\/uploads\/2025\/03\/formulaire-landing-page-e1743002058219.png\",\"width\":1177,\"height\":1307,\"caption\":\"Solutions ERP - Logient\"},{\"@type\":\"BreadcrumbList\",\"@id\":\"https:\/\/logient.com\/fr\/transformez-votre-erp-en-levier-de-croissance\/#breadcrumb\",\"itemListElement\":[{\"@type\":\"ListItem\",\"position\":1,\"name\":\"Home\",\"item\":\"https:\/\/logient.com\/fr\/\"},{\"@type\":\"ListItem\",\"position\":2,\"name\":\"Transformez votre ERP en levier de croissance.\"}]},{\"@type\":\"WebSite\",\"@id\":\"https:\/\/logient.com\/fr\/#website\",\"url\":\"https:\/\/logient.com\/fr\/\",\"name\":\"Logient\",\"description\":\"\",\"publisher\":{\"@id\":\"https:\/\/logient.com\/fr\/#organization\"},\"potentialAction\":[{\"@type\":\"SearchAction\",\"target\":{\"@type\":\"EntryPoint\",\"urlTemplate\":\"https:\/\/logient.com\/fr\/?s={search_term_string}\"},\"query-input\":{\"@type\":\"PropertyValueSpecification\",\"valueRequired\":true,\"valueName\":\"search_term_string\"}}],\"inLanguage\":\"fr-FR\"},{\"@type\":\"Organization\",\"@id\":\"https:\/\/logient.com\/fr\/#organization\",\"name\":\"Logient\",\"url\":\"https:\/\/logient.com\/fr\/\",\"logo\":{\"@type\":\"ImageObject\",\"inLanguage\":\"fr-FR\",\"@id\":\"https:\/\/logient.com\/fr\/#\/schema\/logo\/image\/\",\"url\":\"https:\/\/logient.com\/app\/uploads\/2023\/09\/group-53-1-scaled-1.jpg\",\"contentUrl\":\"https:\/\/logient.com\/app\/uploads\/2023\/09\/group-53-1-scaled-1.jpg\",\"width\":2560,\"height\":1797,\"caption\":\"Logient\"},\"image\":{\"@id\":\"https:\/\/logient.com\/fr\/#\/schema\/logo\/image\/\"}}]}<\/script>\n<!-- \/ Yoast SEO plugin. -->","yoast_head_json":{"title":"Transformez votre ERP en levier de croissance | Logient","description":"Simplifiez vos processus, boostez votre productivit\u00e9 et acc\u00e9l\u00e9rez votre transformation digitale avec notre expertise ERP (SAP, Dynamics 365).","robots":{"index":"index","follow":"follow","max-snippet":"max-snippet:-1","max-image-preview":"max-image-preview:large","max-video-preview":"max-video-preview:-1"},"canonical":"https:\/\/logient.com\/fr\/transformez-votre-erp-en-levier-de-croissance\/","og_locale":"fr_FR","og_type":"article","og_title":"Transformez votre ERP en levier de croissance | Logient","og_description":"Simplifiez vos processus, boostez votre productivit\u00e9 et acc\u00e9l\u00e9rez votre transformation digitale avec notre expertise ERP (SAP, Dynamics 365).","og_url":"https:\/\/logient.com\/fr\/transformez-votre-erp-en-levier-de-croissance\/","og_site_name":"Logient","article_modified_time":"2025-04-15T17:31:27+00:00","og_image":[{"width":1177,"height":1307,"url":"https:\/\/logient.com\/app\/uploads\/2025\/03\/formulaire-landing-page-e1743002058219.png","type":"image\/png"}],"twitter_card":"summary_large_image","twitter_misc":{"Dur\u00e9e de lecture estim\u00e9e":"5 minutes"},"schema":{"@context":"https:\/\/schema.org","@graph":[{"@type":"WebPage","@id":"https:\/\/logient.com\/fr\/transformez-votre-erp-en-levier-de-croissance\/","url":"https:\/\/logient.com\/fr\/transformez-votre-erp-en-levier-de-croissance\/","name":"Transformez votre ERP en levier de croissance | Logient","isPartOf":{"@id":"https:\/\/logient.com\/fr\/#website"},"primaryImageOfPage":{"@id":"https:\/\/logient.com\/fr\/transformez-votre-erp-en-levier-de-croissance\/#primaryimage"},"image":{"@id":"https:\/\/logient.com\/fr\/transformez-votre-erp-en-levier-de-croissance\/#primaryimage"},"thumbnailUrl":"https:\/\/logient.com\/app\/uploads\/2025\/03\/formulaire-landing-page-e1743002058219.png","datePublished":"2025-04-01T15:07:22+00:00","dateModified":"2025-04-15T17:31:27+00:00","description":"Simplifiez vos processus, boostez votre productivit\u00e9 et acc\u00e9l\u00e9rez votre transformation digitale avec notre expertise ERP (SAP, Dynamics 365).","breadcrumb":{"@id":"https:\/\/logient.com\/fr\/transformez-votre-erp-en-levier-de-croissance\/#breadcrumb"},"inLanguage":"fr-FR","potentialAction":[{"@type":"ReadAction","target":["https:\/\/logient.com\/fr\/transformez-votre-erp-en-levier-de-croissance\/"]}]},{"@type":"ImageObject","inLanguage":"fr-FR","@id":"https:\/\/logient.com\/fr\/transformez-votre-erp-en-levier-de-croissance\/#primaryimage","url":"https:\/\/logient.com\/app\/uploads\/2025\/03\/formulaire-landing-page-e1743002058219.png","contentUrl":"https:\/\/logient.com\/app\/uploads\/2025\/03\/formulaire-landing-page-e1743002058219.png","width":1177,"height":1307,"caption":"Solutions ERP - Logient"},{"@type":"BreadcrumbList","@id":"https:\/\/logient.com\/fr\/transformez-votre-erp-en-levier-de-croissance\/#breadcrumb","itemListElement":[{"@type":"ListItem","position":1,"name":"Home","item":"https:\/\/logient.com\/fr\/"},{"@type":"ListItem","position":2,"name":"Transformez votre ERP en levier de croissance."}]},{"@type":"WebSite","@id":"https:\/\/logient.com\/fr\/#website","url":"https:\/\/logient.com\/fr\/","name":"Logient","description":"","publisher":{"@id":"https:\/\/logient.com\/fr\/#organization"},"potentialAction":[{"@type":"SearchAction","target":{"@type":"EntryPoint","urlTemplate":"https:\/\/logient.com\/fr\/?s={search_term_string}"},"query-input":{"@type":"PropertyValueSpecification","valueRequired":true,"valueName":"search_term_string"}}],"inLanguage":"fr-FR"},{"@type":"Organization","@id":"https:\/\/logient.com\/fr\/#organization","name":"Logient","url":"https:\/\/logient.com\/fr\/","logo":{"@type":"ImageObject","inLanguage":"fr-FR","@id":"https:\/\/logient.com\/fr\/#\/schema\/logo\/image\/","url":"https:\/\/logient.com\/app\/uploads\/2023\/09\/group-53-1-scaled-1.jpg","contentUrl":"https:\/\/logient.com\/app\/uploads\/2023\/09\/group-53-1-scaled-1.jpg","width":2560,"height":1797,"caption":"Logient"},"image":{"@id":"https:\/\/logient.com\/fr\/#\/schema\/logo\/image\/"}}]}},"jetpack_sharing_enabled":true,"_links":{"self":[{"href":"https:\/\/logient.com\/fr\/wp-json\/wp\/v2\/pages\/13373","targetHints":{"allow":["GET"]}}],"collection":[{"href":"https:\/\/logient.com\/fr\/wp-json\/wp\/v2\/pages"}],"about":[{"href":"https:\/\/logient.com\/fr\/wp-json\/wp\/v2\/types\/page"}],"author":[{"embeddable":true,"href":"https:\/\/logient.com\/fr\/wp-json\/wp\/v2\/users\/30"}],"replies":[{"embeddable":true,"href":"https:\/\/logient.com\/fr\/wp-json\/wp\/v2\/comments?post=13373"}],"version-history":[{"count":66,"href":"https:\/\/logient.com\/fr\/wp-json\/wp\/v2\/pages\/13373\/revisions"}],"predecessor-version":[{"id":13863,"href":"https:\/\/logient.com\/fr\/wp-json\/wp\/v2\/pages\/13373\/revisions\/13863"}],"wp:featuredmedia":[{"embeddable":true,"href":"https:\/\/logient.com\/fr\/wp-json\/wp\/v2\/media\/13576"}],"wp:attachment":[{"href":"https:\/\/logient.com\/fr\/wp-json\/wp\/v2\/media?parent=13373"}],"curies":[{"name":"wp","href":"https:\/\/api.w.org\/{rel}","templated":true}]}}