{"id":12434,"date":"2024-07-09T20:32:13","date_gmt":"2024-07-09T20:32:13","guid":{"rendered":"https:\/\/logient.com\/?page_id=12434"},"modified":"2024-11-25T15:46:23","modified_gmt":"2024-11-25T15:46:23","slug":"etudes-de-cas","status":"publish","type":"page","link":"https:\/\/logient.com\/fr\/etudes-de-cas\/","title":{"rendered":"R\u00e9alisations"},"content":{"rendered":"","protected":false},"excerpt":{"rendered":"","protected":false},"author":24,"featured_media":0,"parent":0,"menu_order":0,"comment_status":"closed","ping_status":"closed","template":"views\/template-etudes.blade.php","meta":{"_acf_changed":true,"content-type":"","_relevanssi_hide_post":"","_relevanssi_hide_content":"","_relevanssi_pin_for_all":"","_relevanssi_pin_keywords":"","_relevanssi_unpin_keywords":"","_relevanssi_related_keywords":"","_relevanssi_related_include_ids":"","_relevanssi_related_exclude_ids":"","_relevanssi_related_no_append":"","_relevanssi_related_not_related":"","_relevanssi_related_posts":"1749,1775,1784,1809,1820,1829","_relevanssi_noindex_reason":"","inline_featured_image":false,"footnotes":""},"class_list":["post-12434","page","type-page","status-publish","hentry"],"acf":[],"yoast_head":"<!-- This site is optimized with the Yoast SEO plugin v24.9 - https:\/\/yoast.com\/wordpress\/plugins\/seo\/ -->\n<title>R\u00e9alisations - Logient<\/title>\n<meta name=\"description\" content=\"D\u00e9couvrez comment Logient r\u00e9pond aux d\u00e9fis d&#039;affaires les plus complexes avec des solutions technologiques efficaces \u00e0 travers les histoires \u00e0 succ\u00e8s et les \u00e9tudes de cas de nos clients.\" \/>\n<meta name=\"robots\" content=\"index, follow, max-snippet:-1, max-image-preview:large, max-video-preview:-1\" \/>\n<link rel=\"canonical\" href=\"https:\/\/logient.com\/fr\/etudes-de-cas\/\" \/>\n<meta property=\"og:locale\" content=\"fr_FR\" \/>\n<meta property=\"og:type\" content=\"article\" \/>\n<meta property=\"og:title\" content=\"R\u00e9alisations - Logient\" \/>\n<meta property=\"og:description\" content=\"D\u00e9couvrez comment Logient r\u00e9pond aux d\u00e9fis d&#039;affaires les plus complexes avec des solutions technologiques efficaces \u00e0 travers les histoires \u00e0 succ\u00e8s et les \u00e9tudes de cas de nos clients.\" \/>\n<meta property=\"og:url\" content=\"https:\/\/logient.com\/fr\/etudes-de-cas\/\" \/>\n<meta property=\"og:site_name\" content=\"Logient\" \/>\n<meta property=\"article:modified_time\" content=\"2024-11-25T15:46:23+00:00\" \/>\n<meta property=\"og:image\" content=\"https:\/\/logient.com\/app\/uploads\/2023\/03\/logient-image-de-partage-1200x627-1.jpg\" \/>\n\t<meta property=\"og:image:width\" content=\"1202\" \/>\n\t<meta property=\"og:image:height\" content=\"629\" \/>\n\t<meta property=\"og:image:type\" content=\"image\/jpeg\" \/>\n<meta name=\"twitter:card\" content=\"summary_large_image\" \/>\n<meta name=\"twitter:label1\" content=\"Dur\u00e9e de lecture estim\u00e9e\" \/>\n\t<meta name=\"twitter:data1\" content=\"1 minute\" \/>\n<script type=\"application\/ld+json\" class=\"yoast-schema-graph\">{\"@context\":\"https:\/\/schema.org\",\"@graph\":[{\"@type\":\"WebPage\",\"@id\":\"https:\/\/logient.com\/fr\/etudes-de-cas\/\",\"url\":\"https:\/\/logient.com\/fr\/etudes-de-cas\/\",\"name\":\"R\u00e9alisations - Logient\",\"isPartOf\":{\"@id\":\"https:\/\/logient.com\/fr\/#website\"},\"datePublished\":\"2024-07-09T20:32:13+00:00\",\"dateModified\":\"2024-11-25T15:46:23+00:00\",\"description\":\"D\u00e9couvrez comment Logient r\u00e9pond aux d\u00e9fis d'affaires les plus complexes avec des solutions technologiques efficaces \u00e0 travers les histoires \u00e0 succ\u00e8s et les \u00e9tudes de cas de nos clients.\",\"breadcrumb\":{\"@id\":\"https:\/\/logient.com\/fr\/etudes-de-cas\/#breadcrumb\"},\"inLanguage\":\"fr-FR\",\"potentialAction\":[{\"@type\":\"ReadAction\",\"target\":[\"https:\/\/logient.com\/fr\/etudes-de-cas\/\"]}]},{\"@type\":\"BreadcrumbList\",\"@id\":\"https:\/\/logient.com\/fr\/etudes-de-cas\/#breadcrumb\",\"itemListElement\":[{\"@type\":\"ListItem\",\"position\":1,\"name\":\"Home\",\"item\":\"https:\/\/logient.com\/fr\/\"},{\"@type\":\"ListItem\",\"position\":2,\"name\":\"R\u00e9alisations\"}]},{\"@type\":\"WebSite\",\"@id\":\"https:\/\/logient.com\/fr\/#website\",\"url\":\"https:\/\/logient.com\/fr\/\",\"name\":\"Logient\",\"description\":\"\",\"publisher\":{\"@id\":\"https:\/\/logient.com\/fr\/#organization\"},\"potentialAction\":[{\"@type\":\"SearchAction\",\"target\":{\"@type\":\"EntryPoint\",\"urlTemplate\":\"https:\/\/logient.com\/fr\/?s={search_term_string}\"},\"query-input\":{\"@type\":\"PropertyValueSpecification\",\"valueRequired\":true,\"valueName\":\"search_term_string\"}}],\"inLanguage\":\"fr-FR\"},{\"@type\":\"Organization\",\"@id\":\"https:\/\/logient.com\/fr\/#organization\",\"name\":\"Logient\",\"url\":\"https:\/\/logient.com\/fr\/\",\"logo\":{\"@type\":\"ImageObject\",\"inLanguage\":\"fr-FR\",\"@id\":\"https:\/\/logient.com\/fr\/#\/schema\/logo\/image\/\",\"url\":\"https:\/\/logient.com\/app\/uploads\/2023\/09\/group-53-1-scaled-1.jpg\",\"contentUrl\":\"https:\/\/logient.com\/app\/uploads\/2023\/09\/group-53-1-scaled-1.jpg\",\"width\":2560,\"height\":1797,\"caption\":\"Logient\"},\"image\":{\"@id\":\"https:\/\/logient.com\/fr\/#\/schema\/logo\/image\/\"}}]}<\/script>\n<!-- \/ Yoast SEO plugin. -->","yoast_head_json":{"title":"R\u00e9alisations - Logient","description":"D\u00e9couvrez comment Logient r\u00e9pond aux d\u00e9fis d'affaires les plus complexes avec des solutions technologiques efficaces \u00e0 travers les histoires \u00e0 succ\u00e8s et les \u00e9tudes de cas de nos clients.","robots":{"index":"index","follow":"follow","max-snippet":"max-snippet:-1","max-image-preview":"max-image-preview:large","max-video-preview":"max-video-preview:-1"},"canonical":"https:\/\/logient.com\/fr\/etudes-de-cas\/","og_locale":"fr_FR","og_type":"article","og_title":"R\u00e9alisations - Logient","og_description":"D\u00e9couvrez comment Logient r\u00e9pond aux d\u00e9fis d'affaires les plus complexes avec des solutions technologiques efficaces \u00e0 travers les histoires \u00e0 succ\u00e8s et les \u00e9tudes de cas de nos clients.","og_url":"https:\/\/logient.com\/fr\/etudes-de-cas\/","og_site_name":"Logient","article_modified_time":"2024-11-25T15:46:23+00:00","og_image":[{"width":1202,"height":629,"url":"https:\/\/logient.com\/app\/uploads\/2023\/03\/logient-image-de-partage-1200x627-1.jpg","type":"image\/jpeg"}],"twitter_card":"summary_large_image","twitter_misc":{"Dur\u00e9e de lecture estim\u00e9e":"1 minute"},"schema":{"@context":"https:\/\/schema.org","@graph":[{"@type":"WebPage","@id":"https:\/\/logient.com\/fr\/etudes-de-cas\/","url":"https:\/\/logient.com\/fr\/etudes-de-cas\/","name":"R\u00e9alisations - Logient","isPartOf":{"@id":"https:\/\/logient.com\/fr\/#website"},"datePublished":"2024-07-09T20:32:13+00:00","dateModified":"2024-11-25T15:46:23+00:00","description":"D\u00e9couvrez comment Logient r\u00e9pond aux d\u00e9fis d'affaires les plus complexes avec des solutions technologiques efficaces \u00e0 travers les histoires \u00e0 succ\u00e8s et les \u00e9tudes de cas de nos clients.","breadcrumb":{"@id":"https:\/\/logient.com\/fr\/etudes-de-cas\/#breadcrumb"},"inLanguage":"fr-FR","potentialAction":[{"@type":"ReadAction","target":["https:\/\/logient.com\/fr\/etudes-de-cas\/"]}]},{"@type":"BreadcrumbList","@id":"https:\/\/logient.com\/fr\/etudes-de-cas\/#breadcrumb","itemListElement":[{"@type":"ListItem","position":1,"name":"Home","item":"https:\/\/logient.com\/fr\/"},{"@type":"ListItem","position":2,"name":"R\u00e9alisations"}]},{"@type":"WebSite","@id":"https:\/\/logient.com\/fr\/#website","url":"https:\/\/logient.com\/fr\/","name":"Logient","description":"","publisher":{"@id":"https:\/\/logient.com\/fr\/#organization"},"potentialAction":[{"@type":"SearchAction","target":{"@type":"EntryPoint","urlTemplate":"https:\/\/logient.com\/fr\/?s={search_term_string}"},"query-input":{"@type":"PropertyValueSpecification","valueRequired":true,"valueName":"search_term_string"}}],"inLanguage":"fr-FR"},{"@type":"Organization","@id":"https:\/\/logient.com\/fr\/#organization","name":"Logient","url":"https:\/\/logient.com\/fr\/","logo":{"@type":"ImageObject","inLanguage":"fr-FR","@id":"https:\/\/logient.com\/fr\/#\/schema\/logo\/image\/","url":"https:\/\/logient.com\/app\/uploads\/2023\/09\/group-53-1-scaled-1.jpg","contentUrl":"https:\/\/logient.com\/app\/uploads\/2023\/09\/group-53-1-scaled-1.jpg","width":2560,"height":1797,"caption":"Logient"},"image":{"@id":"https:\/\/logient.com\/fr\/#\/schema\/logo\/image\/"}}]}},"jetpack_sharing_enabled":true,"_links":{"self":[{"href":"https:\/\/logient.com\/fr\/wp-json\/wp\/v2\/pages\/12434","targetHints":{"allow":["GET"]}}],"collection":[{"href":"https:\/\/logient.com\/fr\/wp-json\/wp\/v2\/pages"}],"about":[{"href":"https:\/\/logient.com\/fr\/wp-json\/wp\/v2\/types\/page"}],"author":[{"embeddable":true,"href":"https:\/\/logient.com\/fr\/wp-json\/wp\/v2\/users\/24"}],"replies":[{"embeddable":true,"href":"https:\/\/logient.com\/fr\/wp-json\/wp\/v2\/comments?post=12434"}],"version-history":[{"count":0,"href":"https:\/\/logient.com\/fr\/wp-json\/wp\/v2\/pages\/12434\/revisions"}],"wp:attachment":[{"href":"https:\/\/logient.com\/fr\/wp-json\/wp\/v2\/media?parent=12434"}],"curies":[{"name":"wp","href":"https:\/\/api.w.org\/{rel}","templated":true}]}}