{"id":10512,"date":"2023-05-10T12:38:35","date_gmt":"2023-05-10T12:38:35","guid":{"rendered":"https:\/\/logient.com\/?page_id=10512"},"modified":"2023-09-11T15:25:58","modified_gmt":"2023-09-11T15:25:58","slug":"conditions-dutilisation","status":"publish","type":"page","link":"https:\/\/logient.com\/fr\/conditions-dutilisation\/","title":{"rendered":"Conditions d&rsquo;utilisation"},"content":{"rendered":"\n<p><strong>CONDITIONS D\u2019UTILISATION<\/strong>&nbsp;<\/p>\n\n\n\n<p><strong>Acc\u00e8s au site Web<\/strong>&nbsp;<\/p>\n\n\n\n<p>Nous vous souhaitons la bienvenue sur le site Web de Alogient Inc. et de ses filiales et entit\u00e9s li\u00e9es (ci-apr\u00e8s collectivement \u00ab\u202f<strong>Logient <\/strong>\u00bb, \u00ab\u202f<strong>nous<\/strong>\u202f\u00bb, \u00ab\u202f<strong>notre<\/strong>\u202f\u00bb et \u00ab\u202f<strong>nos<\/strong>\u202f\u00bb). Veuillez lire attentivement les pr\u00e9sentes conditions d\u2019utilisation (les \u00ab\u202f<strong>Conditions d\u2019utilisation<\/strong>\u202f\u00bb) avant de consulter notre site Web. Les pr\u00e9sentes Conditions d\u2019utilisation ont comme objet d\u2019\u00e9tablir les conditions g\u00e9n\u00e9rales d\u2019utilisation de notre site Web.&nbsp;&nbsp;<\/p>\n\n\n\n<p>Votre consultation ou votre utilisation du site Web confirme votre acceptation des Conditions d\u2019utilisation. Si vous n\u2019acceptez pas toutes les modalit\u00e9s et toutes les conditions de ces Conditions d\u2019utilisation, nous vous demandons de quitter imm\u00e9diatement notre site Web.&nbsp;&nbsp;<\/p>\n\n\n\n<p>Ce site Web est disponible sous r\u00e9serve de votre acceptation de notre politique de protection des renseignements personnels \u00e9galement disponible en ligne sur notre site Web.&nbsp;&nbsp;<\/p>\n\n\n\n<ol class=\"wp-block-list\" start=\"1\">\n<li><strong>Modifications des Conditions d\u2019utilisation&nbsp;<\/strong>&nbsp;<\/li>\n<\/ol>\n\n\n\n<p>Sujet aux lois applicables, nous nous r\u00e9servons le droit, \u00e0 notre seule discr\u00e9tion, de mettre \u00e0 jour, de modifier ou de remplacer toute partie de ces Conditions d\u2019utilisation en publiant les mises \u00e0 jour et les changements sur notre site Web. Il vous incombe de visiter les Conditions d\u2019utilisation r\u00e9guli\u00e8rement pour v\u00e9rifier si des changements ont \u00e9t\u00e9 apport\u00e9s. Votre utilisation continue de notre site Web apr\u00e8s la publication de toute modification apport\u00e9e \u00e0 ces Conditions d\u2019utilisation constitue une acceptation de ces modifications.&nbsp;<\/p>\n\n\n\n<ol class=\"wp-block-list\" start=\"2\">\n<li><strong>Exactitude, exhaustivit\u00e9 et actualit\u00e9 des informations<\/strong>&nbsp;<\/li>\n<\/ol>\n\n\n\n<p>Logient d\u00e9ploie ses meilleurs efforts afin que les informations figurant sur les pages de ce site Web soient \u00e0 jour et compl\u00e8tes et ne contiennent aucune inexactitude ou erreur. Malgr\u00e9 nos efforts et notre attention, il est possible que des erreurs se glissent sur certaines pages. Nous ne sommes pas responsables si les informations disponibles sur ce site Web ne sont pas exactes, compl\u00e8tes ou \u00e0 jour. L\u2019information contenue sur ce site Web est fournie \u00e0 titre indicatif uniquement et ne devrait pas constituer votre seule source d\u2019information pour prendre des d\u00e9cisions, sans consulter au pr\u00e9alable d\u2019autres sources d\u2019information exactes, compl\u00e8tes et actualis\u00e9es. Si vous d\u00e9cidez de vous fier \u00e0 ce contenu, vous le faites \u00e0 votre propre risque.&nbsp;&nbsp;<\/p>\n\n\n\n<ol class=\"wp-block-list\" start=\"3\">\n<li><strong>Hyperliens et outils de tierces parties<\/strong>&nbsp;<\/li>\n<\/ol>\n\n\n\n<p>Certains hyperliens figurant sur ce site Web donnent acc\u00e8s \u00e0 un ou \u00e0 plusieurs sites Web externes qui appartiennent \u00e0 des tierces parties. Ces hyperliens vous sont transmis \u00e0 titre de r\u00e9f\u00e9rences informatives seulement et pour votre commodit\u00e9. Certains outils figurant sur notre site Web pourraient \u00e9galement vous \u00eatre fournis par des tierces parties. Nous ne sommes pas tenus d\u2019examiner ou d\u2019\u00e9valuer le contenu ou l\u2019exactitude de ces sites Web ou de ces outils, et nous ne garantissons pas et n\u2019assumons aucune responsabilit\u00e9 quant \u00e0 tout contenu, site Web, produit, service ou autre \u00e9l\u00e9ment accessible depuis ces sites tiers ou en vertu de ces outils tiers.&nbsp;<\/p>\n\n\n\n<p>La pr\u00e9sence, dans le contenu du pr\u00e9sent site Web, d\u2019outils de tierces parties ou d\u2019hyperliens menant \u00e0 des sites Web externes ne devra en aucune circonstance \u00eatre interpr\u00e9t\u00e9e comme un endossement de la part de Logient ou comme signifiant une association ou une entreprise commune avec l\u2019entreprise qui op\u00e8re ou est propri\u00e9taire de tout tel site Web externe ou outil tiers.&nbsp;<\/p>\n\n\n\n<ol class=\"wp-block-list\" start=\"4\">\n<li><strong>Droits de propri\u00e9t\u00e9 intellectuelle<\/strong>&nbsp;<\/li>\n<\/ol>\n\n\n\n<p>Le site Web et son contenu sont prot\u00e9g\u00e9s par la <em>Loi sur le droit d&rsquo;auteur<\/em> et en vertu de toute autre r\u00e9glementation applicable dans le monde. L\u2019ensemble des marques de commerce de Logient ainsi que tous les logos ou slogans qui y sont sont prot\u00e9g\u00e9s par ces loi et toute utilisation non autoris\u00e9e est interdite.&nbsp;<\/p>\n\n\n\n<p>Vous pouvez imprimer les pages de ce site Web pour votre usage domestique, priv\u00e9 et non commercial, dans la mesure o\u00f9 les notes concernant les droits d\u2019auteurs ainsi que les \u00e9l\u00e9ments prot\u00e9g\u00e9s par des droits de propri\u00e9t\u00e9 intellectuelle demeurent inchang\u00e9es et dans la mesure o\u00f9 les pr\u00e9sentes Conditions d\u2019utilisation sont respect\u00e9es, incluant le respect des lois r\u00e9gissant les droits de propri\u00e9t\u00e9 intellectuelle. Vous n\u2019\u00eates pas autoris\u00e9 \u00e0 reproduire, imprimer, archiver, r\u00e9\u00e9diter, modifier, t\u00e9l\u00e9charger, vendre ou autrement copier pour toute autre raison ou aux fins de publication, de diffusion ou de vente le contenu de ce site Web ou de l\u2019un ou l\u2019autre de ses \u00e9l\u00e9ments, en tout ou en partie, sous quelque support ou sous quelque format que ce soit, invent\u00e9 ou \u00e0 \u00eatre invent\u00e9, sans avoir obtenu l\u2019autorisation pr\u00e9alable \u00e9crite de Logient. Aucun \u00e9l\u00e9ment, extrait, citation, passage ou texte dans le pr\u00e9sent site Web ne doit \u00eatre interpr\u00e9t\u00e9 comme constituant ou cr\u00e9ant une licence ou un quelconque droit d\u2019utilisation ou de reproduction de quelque \u00e9l\u00e9ment que ce soit du pr\u00e9sent site Web. Soyez avis\u00e9 que Logient entend faire respecter ses droits de propri\u00e9t\u00e9 intellectuelle.&nbsp;<\/p>\n\n\n\n<p>Il est interdit en tout temps de modifier, de quelque mani\u00e8re que ce soit, les marques de commerce, logos ou slogans, ainsi que les textes, titres, slogans, graphiques, tableaux, images, photographies, portraits, descriptions, symboles, dessins ou autres \u0153uvres artistiques figurant sur ce site Web. Le contenu de ce site Web est prot\u00e9g\u00e9 par droits d\u2019auteur, droits sur les marques de commerce et autres droits de propri\u00e9t\u00e9 intellectuelle applicables. Tous les droits sont r\u00e9serv\u00e9s.&nbsp;<\/p>\n\n\n\n<p>Toute tentative d&rsquo;acc\u00e9der au code source de ce site Internet est interdite&nbsp;<\/p>\n\n\n\n<ol class=\"wp-block-list\" start=\"5\">\n<li><strong>Commentaires et suggestions<\/strong>&nbsp;<\/li>\n<\/ol>\n\n\n\n<p>Si vous publiez des id\u00e9es cr\u00e9atives, des suggestions, des propositions, des commentaires, des plans ou d\u2019autres \u00e9l\u00e9ments sur le site Web, vous nous accordez le droit, en tout temps, et sans restriction, d\u2019\u00e9diter, de copier, de publier, de distribuer, de traduire et d\u2019utiliser autrement et dans tout m\u00e9dia ces publications. Nous ne sommes pas et ne devrons pas \u00eatre tenus de r\u00e9pondre \u00e0 ceux-ci, de maintenir leur confidentialit\u00e9, de payer une compensation \u00e0 quiconque si nous impl\u00e9mentons vos id\u00e9es.&nbsp;&nbsp;<\/p>\n\n\n\n<p>Vous vous engagez \u00e0 ce que vos interventions sur notre site Web ne violent pas les droits de tierces parties, y compris les droits d\u2019auteur, les marques d\u00e9pos\u00e9es, la confidentialit\u00e9, la personnalit\u00e9, ou d\u2019autres droits personnels ou de propri\u00e9t\u00e9. Vous convenez \u00e9galement que vos interventions ne contiendront pas de contenu ill\u00e9gal, diffamatoire, offensif ou obsc\u00e8ne, et qu\u2019ils ne contiendront non plus pas de virus informatique ou d\u2019autres logiciels malveillants qui pourraient affecter de quelque mani\u00e8re que ce soit le bon fonctionnement du site Web. Vous ne pouvez pas utiliser de fausse adresse courriel, pr\u00e9tendre \u00eatre quelqu\u2019un que vous n\u2019\u00eates pas, ou essayer de nous induire ou d\u2019induire des tierces parties en erreur quant \u00e0 l\u2019origine de vos commentaires. Vous \u00eates enti\u00e8rement responsable de tous les commentaires que vous publiez ainsi que de leur exactitude. Nous n\u2019assumons aucune responsabilit\u00e9 et d\u00e9clinons tout engagement quant \u00e0 tout commentaire que vous publiez ou que toute autre commentaire publi\u00e9 par une tierce partie.&nbsp;&nbsp;<\/p>\n\n\n\n<ol class=\"wp-block-list\" start=\"6\">\n<li><strong>Utilisations interdites&nbsp;<\/strong>&nbsp;<\/li>\n<\/ol>\n\n\n\n<p>Il vous est interdit d\u2019utiliser le site Web ou son contenu: (a) \u00e0 des fins ill\u00e9gales; (b) pour inciter des tiers \u00e0 commettre des actes ill\u00e9gaux ou \u00e0 y prendre part; (c) pour enfreindre toute ordonnance r\u00e9gionale ou toute loi, r\u00e8gle ou r\u00e9gulation internationale, f\u00e9d\u00e9rale, provinciale ou \u00e9tatique; (d) pour porter atteinte \u00e0 ou violer nos droits de propri\u00e9t\u00e9 intellectuelle ou ceux de tierces parties; (e) pour harceler, maltraiter, insulter, blesser, diffamer, calomnier, d\u00e9nigrer, intimider ou discriminer quiconque en fonction d\u2019un motif de discrimination prot\u00e9g\u00e9 par la <em>Charte des droits et libert\u00e9s de la personne<\/em>; (f) pour soumettre des renseignements faux ou trompeurs; (g) pour transmettre des virus ou tout autre type de code malveillant qui sera ou pourrait \u00eatre utilis\u00e9 de mani\u00e8re \u00e0 compromettre la fonctionnalit\u00e9 ou le fonctionnement du site Web ou d\u2019Internet; (h) pour recueillir ou suivre les renseignements personnels d\u2019autrui; (i) \u00e0 des fins obsc\u00e8nes ou immorales; ou (j) pour porter atteinte ou contourner les mesures de s\u00e9curit\u00e9 de notre site Web, ou d\u2019Internet. Nous nous r\u00e9servons le droit de suspendre ou autrement d\u2019emp\u00eacher votre utilisation de notre site Web advenant votre non-respect de ces Conditions d\u2019utilisation ou de l\u2019une ou l\u2019autre de nos politiques.&nbsp;<\/p>\n\n\n\n<ol class=\"wp-block-list\" start=\"7\">\n<li><strong>Limitation de responsabilit\u00e9&nbsp;<\/strong>&nbsp;<\/li>\n<\/ol>\n\n\n\n<p>Nous ne garantissons ni ne pr\u00e9tendons en aucun cas que votre utilisation de notre site Web sera ininterrompue ou sans erreur.&nbsp;<\/p>\n\n\n\n<p>Vous convenez express\u00e9ment que votre utilisation du site Web, ou votre incapacit\u00e9 \u00e0 utiliser celui-ci, est \u00e0 votre seul risque. Le site Web vous est fourni \u00ab\u202ftel quel\u202f\u00bb et \u00ab\u202fselon la disponibilit\u00e9\u202f\u00bb pour votre utilisation, et ce sans repr\u00e9sentation, sans garanties et sans conditions d&rsquo;aucune sorte, expresses ou implicites, y compris toutes les garanties implicites de commercialisation ou de qualit\u00e9 marchande, d\u2019adaptation \u00e0 un usage particulier, de durabilit\u00e9, de titre et d\u2019absence de contrefa\u00e7on.&nbsp;<\/p>\n\n\n\n<p>Vous acceptez par ailleurs que de temps \u00e0 autre, nous puissions supprimer tout ou une partie du site Web pour des p\u00e9riodes de temps ind\u00e9finies ou d\u00e9finitives, sans vous avertir au pr\u00e9alable.&nbsp;<\/p>\n\n\n\n<p>En cons\u00e9quence de ce qui pr\u00e9c\u00e8de, Logient et ses directeurs, responsables, employ\u00e9s, soci\u00e9t\u00e9s affili\u00e9es, agents, contractants, stagiaires, fournisseurs et prestataires de services, n\u2019assument aucune responsabilit\u00e9 pour tout dommage ou toute blessure, perte ou r\u00e9clamation, incluant toute interruption d\u2019affaires, perte de profit, perte de logiciel, de donn\u00e9es ou de programme (y compris les frais l\u00e9gaux et les honoraires d\u2019avocat), d\u00e9coulant directement ou indirectement de l\u2019acc\u00e8s \u00e0 ce site Web ou de son usage ou de l\u2019impossibilit\u00e9 d\u2019y acc\u00e9der.&nbsp;&nbsp;<\/p>\n\n\n\n<p>La pr\u00e9sente limitation de responsabilit\u00e9 s\u2019applique dans toute la mesure permise par la loi.&nbsp;<\/p>\n\n\n\n<ol class=\"wp-block-list\" start=\"8\">\n<li><strong>Indemnisation&nbsp;<\/strong>&nbsp;<\/li>\n<\/ol>\n\n\n\n<p>Vous convenez que tout manquement ou toute violation aux pr\u00e9sentes Conditions d\u2019utilisation ou \u00e0 toute autre politique de Logient provoquera une obligation de votre part d\u2019indemniser Logient, de m\u00eame que ses administrateurs, dirigeants, employ\u00e9s, agents, mandataires et autres repr\u00e9sentants respectifs, pour tout dommage direct, indirect ou cons\u00e9quent, incluant toute interruption d\u2019affaires, perte de profit, perte de logiciel, de donn\u00e9es ou de programme (y compris les frais l\u00e9gaux et les honoraires d\u2019avocat), caus\u00e9 en raison de ce manquement ou de cette violation, ou en r\u00e9sultant.&nbsp;<\/p>\n\n\n\n<ol class=\"wp-block-list\" start=\"9\">\n<li><strong>Interpr\u00e9tation&nbsp;<\/strong>&nbsp;<\/li>\n<\/ol>\n\n\n\n<p>Dans le cas o\u00f9 une disposition des Conditions d\u2019utilisation serait jug\u00e9e comme \u00e9tant ill\u00e9gale, nulle ou inapplicable, cette disposition pourra n\u00e9anmoins \u00eatre appliqu\u00e9e dans la pleine mesure permise par la loi, et la partie non applicable devra \u00eatre consid\u00e9r\u00e9e comme \u00e9tant dissoci\u00e9e de ces Conditions d\u2019utilisation. Cette dissociation ne devra pas affecter la validit\u00e9 et l\u2019applicabilit\u00e9 de toutes les autres dispositions restantes.&nbsp;<\/p>\n\n\n\n<p>Chacune des dispositions des Conditions d\u2019utilisation est ind\u00e9pendante et distincte et si l\u2019une des dispositions est jug\u00e9e ill\u00e9gale ou invalide dans une juridiction, cela n\u2019a pas pour effet d\u2019entra\u00eener l\u2019invalidit\u00e9 de cette disposition dans d\u2019autres juridictions ni d\u2019entra\u00eener l\u2019invalidit\u00e9 des autres dispositions des Conditions d\u2019utilisation.&nbsp;<\/p>\n\n\n\n<p>Tout manquement ou d\u00e9lai de notre part \u00e0 l\u2019exercice ou \u00e0 l\u2019application de tout droit ou de toute disposition des Conditions d\u2019utilisation ne devrait pas constituer une renonciation \u00e0 ce droit ou \u00e0 cette disposition.&nbsp;<\/p>\n\n\n\n<p>En cas de divergence entre les diff\u00e9rentes versions linguistiques des Conditions d\u2019utilisation, la version fran\u00e7aise pr\u00e9vaudra.&nbsp;<\/p>\n\n\n\n<ol class=\"wp-block-list\" start=\"10\">\n<li><strong>Loi applicable&nbsp;<\/strong>&nbsp;<\/li>\n<\/ol>\n\n\n\n<p>Les Conditions d\u2019utilisation, son application et son interpr\u00e9tation sont r\u00e9gies exclusivement par les lois en vigueur dans la province de Qu\u00e9bec. Vous renoncez par les pr\u00e9sentes explicitement et irr\u00e9vocablement \u00e0 toute objection fond\u00e9e sur l\u2019absence de comp\u00e9tence territoriale ou toute demande fond\u00e9e sur la notion de <em>forum non conveniens<\/em>.&nbsp;<\/p>\n\n\n\n<ol class=\"wp-block-list\" start=\"11\">\n<li><strong>Soci\u00e9t\u00e9 et mention l\u00e9gale<\/strong>&nbsp;<\/li>\n<\/ol>\n\n\n\n<p>Le site et son contenu sont la propri\u00e9t\u00e9 exclusive de\u202f:&nbsp;<\/p>\n\n\n\n<p>ALOGIENT INC.&nbsp;<\/p>\n\n\n\n<p>900-1117, rue Sainte-Catherine ouest&nbsp;<\/p>\n\n\n\n<p>Montr\u00e9al (Qu\u00e9bec) H3B 1H9&nbsp;<\/p>\n\n\n\n<p>Courriel : infolegal@logient.com&nbsp;<\/p>\n\n\n\n<p>Vous pouvez rejoindre le service \u00e0 la client\u00e8le de la soci\u00e9t\u00e9 pour toute question ou commentaire, \u00e0 l\u2019adresse ou au num\u00e9ro de t\u00e9l\u00e9phone mentionn\u00e9s ci-dessus.&nbsp;<\/p>\n\n\n\n<ol class=\"wp-block-list\" start=\"12\">\n<li><strong>Mise \u00e0 jour<\/strong>&nbsp;<\/li>\n<\/ol>\n\n\n\n<p>Les pr\u00e9sentes Conditions d&rsquo;utilisation ont \u00e9t\u00e9 mises \u00e0 jour le\u202f13 mars 2023.&nbsp;<\/p>\n\n\n\n<p><\/p>\n","protected":false},"excerpt":{"rendered":"<p>CONDITIONS D\u2019UTILISATION&nbsp; Acc\u00e8s au site Web&nbsp; Nous vous souhaitons la bienvenue sur le site Web de Alogient Inc. et de ses filiales et entit\u00e9s li\u00e9es (ci-apr\u00e8s collectivement \u00ab\u202fLogient \u00bb, \u00ab\u202fnous\u202f\u00bb, \u00ab\u202fnotre\u202f\u00bb et \u00ab\u202fnos\u202f\u00bb). Veuillez lire attentivement les pr\u00e9sentes conditions d\u2019utilisation (les \u00ab\u202fConditions d\u2019utilisation\u202f\u00bb) avant de consulter notre site Web. Les pr\u00e9sentes Conditions d\u2019utilisation ont comme &hellip; <a href=\"https:\/\/logient.com\/fr\/conditions-dutilisation\/\">Continued<\/a><\/p>\n","protected":false},"author":24,"featured_media":0,"parent":0,"menu_order":0,"comment_status":"closed","ping_status":"closed","template":"views\/template-approche-si.blade.php","meta":{"_acf_changed":false,"content-type":"","_relevanssi_hide_post":"","_relevanssi_hide_content":"","_relevanssi_pin_for_all":"","_relevanssi_pin_keywords":"","_relevanssi_unpin_keywords":"","_relevanssi_related_keywords":"","_relevanssi_related_include_ids":"","_relevanssi_related_exclude_ids":"","_relevanssi_related_no_append":"","_relevanssi_related_not_related":"","_relevanssi_related_posts":"1749,1775,1784,1809,1820,1829","_relevanssi_noindex_reason":"","inline_featured_image":false,"footnotes":""},"class_list":["post-10512","page","type-page","status-publish","hentry"],"acf":[],"yoast_head":"<!-- This site is optimized with the Yoast SEO plugin v24.9 - https:\/\/yoast.com\/wordpress\/plugins\/seo\/ -->\n<title>Conditions d&#039;utilisation - Logient<\/title>\n<meta name=\"robots\" content=\"index, follow, max-snippet:-1, max-image-preview:large, max-video-preview:-1\" \/>\n<link rel=\"canonical\" href=\"https:\/\/logient.com\/fr\/conditions-dutilisation\/\" \/>\n<meta property=\"og:locale\" content=\"fr_FR\" \/>\n<meta property=\"og:type\" content=\"article\" \/>\n<meta property=\"og:title\" content=\"Conditions d&#039;utilisation - Logient\" \/>\n<meta property=\"og:description\" content=\"CONDITIONS D\u2019UTILISATION&nbsp; Acc\u00e8s au site Web&nbsp; Nous vous souhaitons la bienvenue sur le site Web de Alogient Inc. et de ses filiales et entit\u00e9s li\u00e9es (ci-apr\u00e8s collectivement \u00ab\u202fLogient \u00bb, \u00ab\u202fnous\u202f\u00bb, \u00ab\u202fnotre\u202f\u00bb et \u00ab\u202fnos\u202f\u00bb). Veuillez lire attentivement les pr\u00e9sentes conditions d\u2019utilisation (les \u00ab\u202fConditions d\u2019utilisation\u202f\u00bb) avant de consulter notre site Web. Les pr\u00e9sentes Conditions d\u2019utilisation ont comme &hellip; Continued\" \/>\n<meta property=\"og:url\" content=\"https:\/\/logient.com\/fr\/conditions-dutilisation\/\" \/>\n<meta property=\"og:site_name\" content=\"Logient\" \/>\n<meta property=\"article:modified_time\" content=\"2023-09-11T15:25:58+00:00\" \/>\n<meta property=\"og:image\" content=\"https:\/\/logient.com\/app\/uploads\/2023\/03\/logient-image-de-partage-1200x627-1.jpg\" \/>\n\t<meta property=\"og:image:width\" content=\"1202\" \/>\n\t<meta property=\"og:image:height\" content=\"629\" \/>\n\t<meta property=\"og:image:type\" content=\"image\/jpeg\" \/>\n<meta name=\"twitter:card\" content=\"summary_large_image\" \/>\n<meta name=\"twitter:label1\" content=\"Dur\u00e9e de lecture estim\u00e9e\" \/>\n\t<meta name=\"twitter:data1\" content=\"10 minutes\" \/>\n<script type=\"application\/ld+json\" class=\"yoast-schema-graph\">{\"@context\":\"https:\/\/schema.org\",\"@graph\":[{\"@type\":\"WebPage\",\"@id\":\"https:\/\/logient.com\/fr\/conditions-dutilisation\/\",\"url\":\"https:\/\/logient.com\/fr\/conditions-dutilisation\/\",\"name\":\"Conditions d'utilisation - Logient\",\"isPartOf\":{\"@id\":\"https:\/\/logient.com\/fr\/#website\"},\"datePublished\":\"2023-05-10T12:38:35+00:00\",\"dateModified\":\"2023-09-11T15:25:58+00:00\",\"breadcrumb\":{\"@id\":\"https:\/\/logient.com\/fr\/conditions-dutilisation\/#breadcrumb\"},\"inLanguage\":\"fr-FR\",\"potentialAction\":[{\"@type\":\"ReadAction\",\"target\":[\"https:\/\/logient.com\/fr\/conditions-dutilisation\/\"]}]},{\"@type\":\"BreadcrumbList\",\"@id\":\"https:\/\/logient.com\/fr\/conditions-dutilisation\/#breadcrumb\",\"itemListElement\":[{\"@type\":\"ListItem\",\"position\":1,\"name\":\"Home\",\"item\":\"https:\/\/logient.com\/fr\/\"},{\"@type\":\"ListItem\",\"position\":2,\"name\":\"Conditions d&rsquo;utilisation\"}]},{\"@type\":\"WebSite\",\"@id\":\"https:\/\/logient.com\/fr\/#website\",\"url\":\"https:\/\/logient.com\/fr\/\",\"name\":\"Logient\",\"description\":\"\",\"publisher\":{\"@id\":\"https:\/\/logient.com\/fr\/#organization\"},\"potentialAction\":[{\"@type\":\"SearchAction\",\"target\":{\"@type\":\"EntryPoint\",\"urlTemplate\":\"https:\/\/logient.com\/fr\/?s={search_term_string}\"},\"query-input\":{\"@type\":\"PropertyValueSpecification\",\"valueRequired\":true,\"valueName\":\"search_term_string\"}}],\"inLanguage\":\"fr-FR\"},{\"@type\":\"Organization\",\"@id\":\"https:\/\/logient.com\/fr\/#organization\",\"name\":\"Logient\",\"url\":\"https:\/\/logient.com\/fr\/\",\"logo\":{\"@type\":\"ImageObject\",\"inLanguage\":\"fr-FR\",\"@id\":\"https:\/\/logient.com\/fr\/#\/schema\/logo\/image\/\",\"url\":\"https:\/\/logient.com\/app\/uploads\/2023\/09\/group-53-1-scaled-1.jpg\",\"contentUrl\":\"https:\/\/logient.com\/app\/uploads\/2023\/09\/group-53-1-scaled-1.jpg\",\"width\":2560,\"height\":1797,\"caption\":\"Logient\"},\"image\":{\"@id\":\"https:\/\/logient.com\/fr\/#\/schema\/logo\/image\/\"}}]}<\/script>\n<!-- \/ Yoast SEO plugin. -->","yoast_head_json":{"title":"Conditions d'utilisation - Logient","robots":{"index":"index","follow":"follow","max-snippet":"max-snippet:-1","max-image-preview":"max-image-preview:large","max-video-preview":"max-video-preview:-1"},"canonical":"https:\/\/logient.com\/fr\/conditions-dutilisation\/","og_locale":"fr_FR","og_type":"article","og_title":"Conditions d'utilisation - Logient","og_description":"CONDITIONS D\u2019UTILISATION&nbsp; Acc\u00e8s au site Web&nbsp; Nous vous souhaitons la bienvenue sur le site Web de Alogient Inc. et de ses filiales et entit\u00e9s li\u00e9es (ci-apr\u00e8s collectivement \u00ab\u202fLogient \u00bb, \u00ab\u202fnous\u202f\u00bb, \u00ab\u202fnotre\u202f\u00bb et \u00ab\u202fnos\u202f\u00bb). Veuillez lire attentivement les pr\u00e9sentes conditions d\u2019utilisation (les \u00ab\u202fConditions d\u2019utilisation\u202f\u00bb) avant de consulter notre site Web. Les pr\u00e9sentes Conditions d\u2019utilisation ont comme &hellip; Continued","og_url":"https:\/\/logient.com\/fr\/conditions-dutilisation\/","og_site_name":"Logient","article_modified_time":"2023-09-11T15:25:58+00:00","og_image":[{"width":1202,"height":629,"url":"https:\/\/logient.com\/app\/uploads\/2023\/03\/logient-image-de-partage-1200x627-1.jpg","type":"image\/jpeg"}],"twitter_card":"summary_large_image","twitter_misc":{"Dur\u00e9e de lecture estim\u00e9e":"10 minutes"},"schema":{"@context":"https:\/\/schema.org","@graph":[{"@type":"WebPage","@id":"https:\/\/logient.com\/fr\/conditions-dutilisation\/","url":"https:\/\/logient.com\/fr\/conditions-dutilisation\/","name":"Conditions d'utilisation - Logient","isPartOf":{"@id":"https:\/\/logient.com\/fr\/#website"},"datePublished":"2023-05-10T12:38:35+00:00","dateModified":"2023-09-11T15:25:58+00:00","breadcrumb":{"@id":"https:\/\/logient.com\/fr\/conditions-dutilisation\/#breadcrumb"},"inLanguage":"fr-FR","potentialAction":[{"@type":"ReadAction","target":["https:\/\/logient.com\/fr\/conditions-dutilisation\/"]}]},{"@type":"BreadcrumbList","@id":"https:\/\/logient.com\/fr\/conditions-dutilisation\/#breadcrumb","itemListElement":[{"@type":"ListItem","position":1,"name":"Home","item":"https:\/\/logient.com\/fr\/"},{"@type":"ListItem","position":2,"name":"Conditions d&rsquo;utilisation"}]},{"@type":"WebSite","@id":"https:\/\/logient.com\/fr\/#website","url":"https:\/\/logient.com\/fr\/","name":"Logient","description":"","publisher":{"@id":"https:\/\/logient.com\/fr\/#organization"},"potentialAction":[{"@type":"SearchAction","target":{"@type":"EntryPoint","urlTemplate":"https:\/\/logient.com\/fr\/?s={search_term_string}"},"query-input":{"@type":"PropertyValueSpecification","valueRequired":true,"valueName":"search_term_string"}}],"inLanguage":"fr-FR"},{"@type":"Organization","@id":"https:\/\/logient.com\/fr\/#organization","name":"Logient","url":"https:\/\/logient.com\/fr\/","logo":{"@type":"ImageObject","inLanguage":"fr-FR","@id":"https:\/\/logient.com\/fr\/#\/schema\/logo\/image\/","url":"https:\/\/logient.com\/app\/uploads\/2023\/09\/group-53-1-scaled-1.jpg","contentUrl":"https:\/\/logient.com\/app\/uploads\/2023\/09\/group-53-1-scaled-1.jpg","width":2560,"height":1797,"caption":"Logient"},"image":{"@id":"https:\/\/logient.com\/fr\/#\/schema\/logo\/image\/"}}]}},"jetpack_sharing_enabled":true,"_links":{"self":[{"href":"https:\/\/logient.com\/fr\/wp-json\/wp\/v2\/pages\/10512","targetHints":{"allow":["GET"]}}],"collection":[{"href":"https:\/\/logient.com\/fr\/wp-json\/wp\/v2\/pages"}],"about":[{"href":"https:\/\/logient.com\/fr\/wp-json\/wp\/v2\/types\/page"}],"author":[{"embeddable":true,"href":"https:\/\/logient.com\/fr\/wp-json\/wp\/v2\/users\/24"}],"replies":[{"embeddable":true,"href":"https:\/\/logient.com\/fr\/wp-json\/wp\/v2\/comments?post=10512"}],"version-history":[{"count":0,"href":"https:\/\/logient.com\/fr\/wp-json\/wp\/v2\/pages\/10512\/revisions"}],"wp:attachment":[{"href":"https:\/\/logient.com\/fr\/wp-json\/wp\/v2\/media?parent=10512"}],"curies":[{"name":"wp","href":"https:\/\/api.w.org\/{rel}","templated":true}]}}